{"id":2391,"date":"2022-02-28T11:59:20","date_gmt":"2022-02-28T11:59:20","guid":{"rendered":"https:\/\/stylequestshop.com\/nutzungsbedingungen\/"},"modified":"2022-02-28T11:59:20","modified_gmt":"2022-02-28T11:59:20","slug":"nutzungsbedingungen","status":"publish","type":"page","link":"https:\/\/www.stylequestshop.com\/de\/nutzungsbedingungen\/","title":{"rendered":"Nutzungsbedingungen"},"content":{"rendered":"<p><strong>Akzeptieren der Nutzungsbedingungen<\/strong><\/p>\n<p>Bitte lesen Sie diese Nutzungsbedingungen (\u201eBedingungen\u201c, \u201eNutzungsbedingungen\u201c) sorgf\u00e4ltig durch, bevor Sie die TheTechnophiler.com-Website (die \u201eWebsite\u201c) oder auf der Website bereitgestellte Dienste (zusammen \u201eDienste\u201c) nutzen, die TheTechnophiler geh\u00f6ren und von TheTechnophiler betrieben werden (\u201euns\u201c, \u201ewir\u201c oder \u201eunser\u201c).<\/p>\n<p>Ihr Zugriff auf und Ihre Nutzung des Dienstes h\u00e4ngt von Ihrer Annahme und Einhaltung dieser Bedingungen ab. Diese Bedingungen gelten f\u00fcr alle Besucher, Benutzer und andere, die auf den Dienst zugreifen oder ihn nutzen.<\/p>\n<p>Durch den Zugriff auf oder die Nutzung des Dienstes stimmen Sie zu, an diese Bedingungen gebunden zu sein. Wenn Sie mit einem Teil der Bedingungen nicht einverstanden sind, d\u00fcrfen Sie nicht auf den Dienst zugreifen.<\/p>\n<p><strong>Links zu anderen Websites<\/strong><\/p>\n<p>Unser Dienst kann Links zu Websites oder Diensten Dritter enthalten, die TheTechnophiler nicht geh\u00f6ren oder von TheTechnophiler kontrolliert werden.<\/p>\n<p>TheTechnophiler hat keine Kontrolle \u00fcber und \u00fcbernimmt keine Verantwortung f\u00fcr die Inhalte, Datenschutzrichtlinien oder Praktiken von Websites oder Diensten Dritter. Sie erkennen ferner an und stimmen zu, dass TheTechnophiler weder direkt noch indirekt f\u00fcr Sch\u00e4den oder Verluste verantwortlich oder haftbar ist, die durch oder im Zusammenhang mit der Nutzung oder dem Vertrauen auf solche Inhalte, Waren oder Dienstleistungen, die auf oder \u00fcber verf\u00fcgbar sind, verursacht oder angeblich verursacht wurden solche Websites oder Dienste.<\/p>\n<p>Wir empfehlen Ihnen dringend, die Allgemeinen Gesch\u00e4ftsbedingungen und Datenschutzrichtlinien aller Websites oder Dienste Dritter, die Sie besuchen, zu lesen.<\/p>\n<p><strong>Privatsph\u00e4re<\/strong><\/p>\n<p>Bitte lesen Sie unsere Datenschutzrichtlinie, die die Verwendung personenbezogener Daten auf der Website regelt und an die der Abonnent als Benutzer der Website gebunden ist.<\/p>\n<p><strong>Geltendes Recht<\/strong><\/p>\n<p>Unser Vers\u00e4umnis, ein Recht oder eine Bestimmung dieser Bedingungen durchzusetzen, gilt nicht als Verzicht auf diese Rechte. Wenn eine Bestimmung dieser Bedingungen von einem Gericht f\u00fcr ung\u00fcltig oder nicht durchsetzbar befunden wird, bleiben die \u00fcbrigen Bestimmungen dieser Bedingungen in Kraft. Diese Bedingungen stellen die gesamte Vereinbarung zwischen uns in Bezug auf unseren Service dar und ersetzen alle vorherigen Vereinbarungen, die wir m\u00f6glicherweise zwischen uns in Bezug auf den Service getroffen haben.<\/p>\n<p><strong>Urheberrechtsverletzungen oder andere Verletzungen des geistigen Eigentums<\/strong><\/p>\n<p>TheTechnophiler respektiert das geistige Eigentum anderer und nimmt den Schutz von Urheberrechten und anderem geistigen Eigentum sehr ernst, und wir bitten unsere Benutzer, dasselbe zu tun. Rechtsverletzende Aktivit\u00e4ten werden auf oder \u00fcber die Dienste nicht toleriert.<\/p>\n<p>Wenn Sie der Meinung sind, dass Inhalte, die auf oder \u00fcber die Dienste zur Verf\u00fcgung gestellt werden, auf eine Weise verwendet oder ausgenutzt wurden, die ein geistiges Eigentumsrecht verletzt, das Sie besitzen oder kontrollieren, senden Sie bitte umgehend eine E-Mail mit allen Details an XXXXX@gmail.com oder kontaktieren Sie uns .<\/p>\n<p><strong>\u00c4nderungen<\/strong><\/p>\n<p>Wir behalten uns das Recht vor, diese Bedingungen nach eigenem Ermessen jederzeit zu \u00e4ndern oder zu ersetzen. Wenn eine \u00dcberarbeitung wesentlich ist, werden wir versuchen, sie mindestens 30 Tage im Voraus anzuk\u00fcndigen, bevor neue Bedingungen in Kraft treten. Was eine wesentliche \u00c4nderung darstellt, wird nach unserem alleinigen Ermessen bestimmt.<\/p>\n<p>Indem Sie nach Inkrafttreten dieser \u00dcberarbeitungen weiterhin auf unseren Dienst zugreifen oder ihn nutzen, stimmen Sie zu, an die \u00fcberarbeiteten Bedingungen gebunden zu sein. Wenn Sie den neuen Bedingungen nicht zustimmen, beenden Sie bitte die Nutzung des Dienstes.<\/p>\n<p><strong>Kontaktiere uns<\/strong><\/p>\n<p>Wenn Sie Fragen zu diesen Bedingungen haben, kontaktieren Sie uns bitte.<\/p>\n","protected":false},"excerpt":{"rendered":"<p>Akzeptieren der Nutzungsbedingungen Bitte lesen Sie diese Nutzungsbedingungen (\u201eBedingungen\u201c, \u201eNutzungsbedingungen\u201c) sorgf\u00e4ltig durch, bevor Sie die TheTechnophiler.com-Website (die \u201eWebsite\u201c) oder auf der Website bereitgestellte Dienste (zusammen \u201eDienste\u201c) nutzen, die TheTechnophiler geh\u00f6ren und von TheTechnophiler betrieben werden (\u201euns\u201c, \u201ewir\u201c oder \u201eunser\u201c). Ihr Zugriff auf und Ihre Nutzung des Dienstes h\u00e4ngt von Ihrer Annahme und Einhaltung dieser Bedingungen [&hellip;]<\/p>\n","protected":false},"author":1,"featured_media":0,"parent":0,"menu_order":0,"comment_status":"closed","ping_status":"closed","template":"","meta":{"_monsterinsights_skip_tracking":false,"_monsterinsights_sitenote_active":false,"_monsterinsights_sitenote_note":"","_monsterinsights_sitenote_category":0,"footnotes":""},"class_list":["post-2391","page","type-page","status-publish","hentry"],"yoast_head":"<!-- This site is optimized with the Yoast SEO plugin v27.3 - https:\/\/yoast.com\/product\/yoast-seo-wordpress\/ -->\n<title>Nutzungsbedingungen - Style Quest Shop<\/title>\n<meta name=\"robots\" content=\"index, follow, max-snippet:-1, max-image-preview:large, max-video-preview:-1\" \/>\n<link rel=\"canonical\" href=\"https:\/\/www.stylequestshop.com\/terms-of-use\/\" \/>\n<meta property=\"og:locale\" content=\"de_DE\" \/>\n<meta property=\"og:type\" content=\"article\" \/>\n<meta property=\"og:title\" content=\"Nutzungsbedingungen - Style Quest Shop\" \/>\n<meta property=\"og:description\" content=\"Akzeptieren der Nutzungsbedingungen Bitte lesen Sie diese Nutzungsbedingungen (\u201eBedingungen\u201c, \u201eNutzungsbedingungen\u201c) sorgf\u00e4ltig durch, bevor Sie die TheTechnophiler.com-Website (die \u201eWebsite\u201c) oder auf der Website bereitgestellte Dienste (zusammen \u201eDienste\u201c) nutzen, die TheTechnophiler geh\u00f6ren und von TheTechnophiler betrieben werden (\u201euns\u201c, \u201ewir\u201c oder \u201eunser\u201c). Ihr Zugriff auf und Ihre Nutzung des Dienstes h\u00e4ngt von Ihrer Annahme und Einhaltung dieser Bedingungen [&hellip;]\" \/>\n<meta property=\"og:url\" content=\"https:\/\/www.stylequestshop.com\/terms-of-use\/\" \/>\n<meta property=\"og:site_name\" content=\"Style Quest Shop\" \/>\n<meta property=\"article:publisher\" content=\"https:\/\/www.facebook.com\" \/>\n<meta name=\"twitter:card\" content=\"summary_large_image\" \/>\n<meta name=\"twitter:label1\" content=\"Gesch\u00e4tzte Lesezeit\" \/>\n\t<meta name=\"twitter:data1\" content=\"3\u00a0Minuten\" \/>\n<script type=\"application\/ld+json\" class=\"yoast-schema-graph\">{\"@context\":\"https:\\\/\\\/schema.org\",\"@graph\":[{\"@type\":\"WebPage\",\"@id\":\"https:\\\/\\\/www.stylequestshop.com\\\/terms-of-use\\\/\",\"url\":\"https:\\\/\\\/www.stylequestshop.com\\\/terms-of-use\\\/\",\"name\":\"Nutzungsbedingungen - Style Quest Shop\",\"isPartOf\":{\"@id\":\"https:\\\/\\\/www.stylequestshop.com\\\/#website\"},\"datePublished\":\"2022-02-28T11:59:20+00:00\",\"breadcrumb\":{\"@id\":\"https:\\\/\\\/www.stylequestshop.com\\\/terms-of-use\\\/#breadcrumb\"},\"inLanguage\":\"de\",\"potentialAction\":[{\"@type\":\"ReadAction\",\"target\":[\"https:\\\/\\\/www.stylequestshop.com\\\/terms-of-use\\\/\"]}]},{\"@type\":\"BreadcrumbList\",\"@id\":\"https:\\\/\\\/www.stylequestshop.com\\\/terms-of-use\\\/#breadcrumb\",\"itemListElement\":[{\"@type\":\"ListItem\",\"position\":1,\"name\":\"Home\",\"item\":\"https:\\\/\\\/www.stylequestshop.com\\\/de\\\/\"},{\"@type\":\"ListItem\",\"position\":2,\"name\":\"Nutzungsbedingungen\"}]},{\"@type\":\"WebSite\",\"@id\":\"https:\\\/\\\/www.stylequestshop.com\\\/#website\",\"url\":\"https:\\\/\\\/www.stylequestshop.com\\\/\",\"name\":\"Style Quest Shop\",\"description\":\"All The Tech You Will Ever Need\",\"potentialAction\":[{\"@type\":\"SearchAction\",\"target\":{\"@type\":\"EntryPoint\",\"urlTemplate\":\"https:\\\/\\\/www.stylequestshop.com\\\/?s={search_term_string}\"},\"query-input\":{\"@type\":\"PropertyValueSpecification\",\"valueRequired\":true,\"valueName\":\"search_term_string\"}}],\"inLanguage\":\"de\"}]}<\/script>\n<!-- \/ Yoast SEO plugin. -->","yoast_head_json":{"title":"Nutzungsbedingungen - Style Quest Shop","robots":{"index":"index","follow":"follow","max-snippet":"max-snippet:-1","max-image-preview":"max-image-preview:large","max-video-preview":"max-video-preview:-1"},"canonical":"https:\/\/www.stylequestshop.com\/terms-of-use\/","og_locale":"de_DE","og_type":"article","og_title":"Nutzungsbedingungen - Style Quest Shop","og_description":"Akzeptieren der Nutzungsbedingungen Bitte lesen Sie diese Nutzungsbedingungen (\u201eBedingungen\u201c, \u201eNutzungsbedingungen\u201c) sorgf\u00e4ltig durch, bevor Sie die TheTechnophiler.com-Website (die \u201eWebsite\u201c) oder auf der Website bereitgestellte Dienste (zusammen \u201eDienste\u201c) nutzen, die TheTechnophiler geh\u00f6ren und von TheTechnophiler betrieben werden (\u201euns\u201c, \u201ewir\u201c oder \u201eunser\u201c). Ihr Zugriff auf und Ihre Nutzung des Dienstes h\u00e4ngt von Ihrer Annahme und Einhaltung dieser Bedingungen [&hellip;]","og_url":"https:\/\/www.stylequestshop.com\/terms-of-use\/","og_site_name":"Style Quest Shop","article_publisher":"https:\/\/www.facebook.com","twitter_card":"summary_large_image","twitter_misc":{"Gesch\u00e4tzte Lesezeit":"3\u00a0Minuten"},"schema":{"@context":"https:\/\/schema.org","@graph":[{"@type":"WebPage","@id":"https:\/\/www.stylequestshop.com\/terms-of-use\/","url":"https:\/\/www.stylequestshop.com\/terms-of-use\/","name":"Nutzungsbedingungen - Style Quest Shop","isPartOf":{"@id":"https:\/\/www.stylequestshop.com\/#website"},"datePublished":"2022-02-28T11:59:20+00:00","breadcrumb":{"@id":"https:\/\/www.stylequestshop.com\/terms-of-use\/#breadcrumb"},"inLanguage":"de","potentialAction":[{"@type":"ReadAction","target":["https:\/\/www.stylequestshop.com\/terms-of-use\/"]}]},{"@type":"BreadcrumbList","@id":"https:\/\/www.stylequestshop.com\/terms-of-use\/#breadcrumb","itemListElement":[{"@type":"ListItem","position":1,"name":"Home","item":"https:\/\/www.stylequestshop.com\/de\/"},{"@type":"ListItem","position":2,"name":"Nutzungsbedingungen"}]},{"@type":"WebSite","@id":"https:\/\/www.stylequestshop.com\/#website","url":"https:\/\/www.stylequestshop.com\/","name":"Style Quest Shop","description":"All The Tech You Will Ever Need","potentialAction":[{"@type":"SearchAction","target":{"@type":"EntryPoint","urlTemplate":"https:\/\/www.stylequestshop.com\/?s={search_term_string}"},"query-input":{"@type":"PropertyValueSpecification","valueRequired":true,"valueName":"search_term_string"}}],"inLanguage":"de"}]}},"jetpack_sharing_enabled":true,"amp_enabled":true,"_links":{"self":[{"href":"https:\/\/www.stylequestshop.com\/de\/wp-json\/wp\/v2\/pages\/2391","targetHints":{"allow":["GET"]}}],"collection":[{"href":"https:\/\/www.stylequestshop.com\/de\/wp-json\/wp\/v2\/pages"}],"about":[{"href":"https:\/\/www.stylequestshop.com\/de\/wp-json\/wp\/v2\/types\/page"}],"author":[{"embeddable":true,"href":"https:\/\/www.stylequestshop.com\/de\/wp-json\/wp\/v2\/users\/1"}],"replies":[{"embeddable":true,"href":"https:\/\/www.stylequestshop.com\/de\/wp-json\/wp\/v2\/comments?post=2391"}],"version-history":[{"count":0,"href":"https:\/\/www.stylequestshop.com\/de\/wp-json\/wp\/v2\/pages\/2391\/revisions"}],"wp:attachment":[{"href":"https:\/\/www.stylequestshop.com\/de\/wp-json\/wp\/v2\/media?parent=2391"}],"curies":[{"name":"wp","href":"https:\/\/api.w.org\/{rel}","templated":true}]}}