{"id":2238,"date":"2022-02-28T11:59:20","date_gmt":"2022-02-28T11:59:20","guid":{"rendered":"https:\/\/stylequestshop.com\/condiciones-de-uso\/"},"modified":"2022-02-28T11:59:20","modified_gmt":"2022-02-28T11:59:20","slug":"condiciones-de-uso","status":"publish","type":"page","link":"https:\/\/www.stylequestshop.com\/es\/condiciones-de-uso\/","title":{"rendered":"Condiciones de uso"},"content":{"rendered":"<p><strong>Aceptar los T\u00e9rminos de servicio<\/strong><\/p>\n<p>Lea estos T\u00e9rminos de servicio (\u00abT\u00e9rminos\u00bb, \u00abT\u00e9rminos de servicio\u00bb) detenidamente antes de utilizar el sitio web TheTechnophiler.com (el \u00abSitio\u00bb) o cualquier servicio proporcionado en el Sitio (colectivamente, \u00abServicios\u00bb) propiedad y operado por TheTechnophiler. (\u00abnosotros\u00bb, \u00abnosotros\u00bb o \u00abnuestro\u00bb).<\/p>\n<p>Su acceso y uso del Servicio est\u00e1 condicionado a su aceptaci\u00f3n y cumplimiento de estos T\u00e9rminos. Estos T\u00e9rminos se aplican a todos los visitantes, usuarios y otras personas que acceden o utilizan el Servicio.<\/p>\n<p>Al acceder o utilizar el Servicio, usted acepta estar sujeto a estos T\u00e9rminos. Si no est\u00e1 de acuerdo con alguna parte de los t\u00e9rminos, no podr\u00e1 acceder al Servicio.<\/p>\n<p><strong>Enlaces a otros sitios web<\/strong><\/p>\n<p>Nuestro Servicio puede contener enlaces a sitios web o servicios de terceros que no son propiedad ni est\u00e1n controlados por TheTechnophiler.<\/p>\n<p>TheTechnophiler no tiene control ni asume ninguna responsabilidad por el contenido, las pol\u00edticas de privacidad o las pr\u00e1cticas de los sitios web o servicios de terceros. Adem\u00e1s, reconoce y acepta que TheTechnophiler no ser\u00e1 responsable, directa o indirectamente, de ning\u00fan da\u00f1o o p\u00e9rdida causado o presuntamente causado por o en relaci\u00f3n con el uso o la confianza en dicho contenido, bienes o servicios disponibles en o a trav\u00e9s de cualquiera de dichos sitios web o servicios.<\/p>\n<p>Le recomendamos encarecidamente que lea los t\u00e9rminos y condiciones y las pol\u00edticas de privacidad de cualquier sitio web o servicio de terceros que visite.<\/p>\n<p><strong>Intimidad<\/strong><\/p>\n<p>Revise nuestra Pol\u00edtica de privacidad, que rige el uso de la informaci\u00f3n personal en el Sitio y a la que el Suscriptor acepta estar sujeto como usuario del Sitio.<\/p>\n<p><strong>Ley que rige<\/strong><\/p>\n<p>Nuestra incapacidad para hacer cumplir cualquier derecho o disposici\u00f3n de estos T\u00e9rminos no se considerar\u00e1 una renuncia a esos derechos. Si alguna disposici\u00f3n de estos T\u00e9rminos se considera inv\u00e1lida o inaplicable por un tribunal, las disposiciones restantes de estos T\u00e9rminos permanecer\u00e1n en vigor. Estos T\u00e9rminos constituyen el acuerdo completo entre nosotros con respecto a nuestro Servicio, y sustituyen y reemplazan cualquier acuerdo anterior que podamos tener entre nosotros con respecto al Servicio.<\/p>\n<p><strong>Infracciones de derechos de autor u otra propiedad intelectual<\/strong><\/p>\n<p>TheTechnophiler respeta la propiedad intelectual de otros y se toma muy en serio la protecci\u00f3n de los derechos de autor y toda otra propiedad intelectual, y les pedimos a nuestros usuarios que hagan lo mismo. La actividad infractora no ser\u00e1 tolerada en o a trav\u00e9s de los Servicios.<\/p>\n<p>Si cree que cualquier contenido disponible en o a trav\u00e9s de los Servicios se ha utilizado o explotado de una manera que infringe un derecho de propiedad intelectual que posee o controla, env\u00ede de inmediato un correo electr\u00f3nico a XXXXX@gmail.com con todos los detalles o comun\u00edquese con nosotros. .<\/p>\n<p><strong>Cambios<\/strong><\/p>\n<p>Nos reservamos el derecho, a nuestro exclusivo criterio, de modificar o reemplazar estos T\u00e9rminos en cualquier momento. Si una revisi\u00f3n es material, intentaremos proporcionar un aviso de al menos 30 d\u00edas antes de que entren en vigencia los nuevos t\u00e9rminos. Lo que constituye un cambio material se determinar\u00e1 a nuestro exclusivo criterio.<\/p>\n<p>Al continuar accediendo o utilizando nuestro Servicio despu\u00e9s de que esas revisiones entren en vigencia, usted acepta estar sujeto a los t\u00e9rminos revisados. Si no est\u00e1 de acuerdo con los nuevos t\u00e9rminos, deje de usar el Servicio.<\/p>\n<p><strong>Cont\u00e1ctenos<\/strong><\/p>\n<p>Si tiene alguna pregunta sobre estos T\u00e9rminos, comun\u00edquese con nosotros.<\/p>\n","protected":false},"excerpt":{"rendered":"<p>Aceptar los T\u00e9rminos de servicio Lea estos T\u00e9rminos de servicio (\u00abT\u00e9rminos\u00bb, \u00abT\u00e9rminos de servicio\u00bb) detenidamente antes de utilizar el sitio web TheTechnophiler.com (el \u00abSitio\u00bb) o cualquier servicio proporcionado en el Sitio (colectivamente, \u00abServicios\u00bb) propiedad y operado por TheTechnophiler. (\u00abnosotros\u00bb, \u00abnosotros\u00bb o \u00abnuestro\u00bb). Su acceso y uso del Servicio est\u00e1 condicionado a su aceptaci\u00f3n y cumplimiento [&hellip;]<\/p>\n","protected":false},"author":1,"featured_media":0,"parent":0,"menu_order":0,"comment_status":"closed","ping_status":"closed","template":"","meta":{"_monsterinsights_skip_tracking":false,"_monsterinsights_sitenote_active":false,"_monsterinsights_sitenote_note":"","_monsterinsights_sitenote_category":0,"footnotes":""},"class_list":["post-2238","page","type-page","status-publish","hentry"],"yoast_head":"<!-- This site is optimized with the Yoast SEO plugin v27.5 - https:\/\/yoast.com\/product\/yoast-seo-wordpress\/ -->\n<title>Condiciones de uso - Style Quest Shop<\/title>\n<meta name=\"robots\" content=\"index, follow, max-snippet:-1, max-image-preview:large, max-video-preview:-1\" \/>\n<link rel=\"canonical\" href=\"https:\/\/www.stylequestshop.com\/terms-of-use\/\" \/>\n<meta property=\"og:locale\" content=\"es_ES\" \/>\n<meta property=\"og:type\" content=\"article\" \/>\n<meta property=\"og:title\" content=\"Condiciones de uso - Style Quest Shop\" \/>\n<meta property=\"og:description\" content=\"Aceptar los T\u00e9rminos de servicio Lea estos T\u00e9rminos de servicio (\u00abT\u00e9rminos\u00bb, \u00abT\u00e9rminos de servicio\u00bb) detenidamente antes de utilizar el sitio web TheTechnophiler.com (el \u00abSitio\u00bb) o cualquier servicio proporcionado en el Sitio (colectivamente, \u00abServicios\u00bb) propiedad y operado por TheTechnophiler. (\u00abnosotros\u00bb, \u00abnosotros\u00bb o \u00abnuestro\u00bb). Su acceso y uso del Servicio est\u00e1 condicionado a su aceptaci\u00f3n y cumplimiento [&hellip;]\" \/>\n<meta property=\"og:url\" content=\"https:\/\/www.stylequestshop.com\/terms-of-use\/\" \/>\n<meta property=\"og:site_name\" content=\"Style Quest Shop\" \/>\n<meta property=\"article:publisher\" content=\"https:\/\/www.facebook.com\" \/>\n<meta name=\"twitter:card\" content=\"summary_large_image\" \/>\n<meta name=\"twitter:label1\" content=\"Tiempo de lectura\" \/>\n\t<meta name=\"twitter:data1\" content=\"3 minutos\" \/>\n<script type=\"application\/ld+json\" class=\"yoast-schema-graph\">{\"@context\":\"https:\\\/\\\/schema.org\",\"@graph\":[{\"@type\":\"WebPage\",\"@id\":\"https:\\\/\\\/www.stylequestshop.com\\\/terms-of-use\\\/\",\"url\":\"https:\\\/\\\/www.stylequestshop.com\\\/terms-of-use\\\/\",\"name\":\"Condiciones de uso - Style Quest Shop\",\"isPartOf\":{\"@id\":\"https:\\\/\\\/www.stylequestshop.com\\\/#website\"},\"datePublished\":\"2022-02-28T11:59:20+00:00\",\"breadcrumb\":{\"@id\":\"https:\\\/\\\/www.stylequestshop.com\\\/terms-of-use\\\/#breadcrumb\"},\"inLanguage\":\"es\",\"potentialAction\":[{\"@type\":\"ReadAction\",\"target\":[\"https:\\\/\\\/www.stylequestshop.com\\\/terms-of-use\\\/\"]}]},{\"@type\":\"BreadcrumbList\",\"@id\":\"https:\\\/\\\/www.stylequestshop.com\\\/terms-of-use\\\/#breadcrumb\",\"itemListElement\":[{\"@type\":\"ListItem\",\"position\":1,\"name\":\"Home\",\"item\":\"https:\\\/\\\/www.stylequestshop.com\\\/es\\\/\"},{\"@type\":\"ListItem\",\"position\":2,\"name\":\"Condiciones de uso\"}]},{\"@type\":\"WebSite\",\"@id\":\"https:\\\/\\\/www.stylequestshop.com\\\/#website\",\"url\":\"https:\\\/\\\/www.stylequestshop.com\\\/\",\"name\":\"Style Quest Shop\",\"description\":\"All The Tech You Will Ever Need\",\"potentialAction\":[{\"@type\":\"SearchAction\",\"target\":{\"@type\":\"EntryPoint\",\"urlTemplate\":\"https:\\\/\\\/www.stylequestshop.com\\\/?s={search_term_string}\"},\"query-input\":{\"@type\":\"PropertyValueSpecification\",\"valueRequired\":true,\"valueName\":\"search_term_string\"}}],\"inLanguage\":\"es\"}]}<\/script>\n<!-- \/ Yoast SEO plugin. -->","yoast_head_json":{"title":"Condiciones de uso - Style Quest Shop","robots":{"index":"index","follow":"follow","max-snippet":"max-snippet:-1","max-image-preview":"max-image-preview:large","max-video-preview":"max-video-preview:-1"},"canonical":"https:\/\/www.stylequestshop.com\/terms-of-use\/","og_locale":"es_ES","og_type":"article","og_title":"Condiciones de uso - Style Quest Shop","og_description":"Aceptar los T\u00e9rminos de servicio Lea estos T\u00e9rminos de servicio (\u00abT\u00e9rminos\u00bb, \u00abT\u00e9rminos de servicio\u00bb) detenidamente antes de utilizar el sitio web TheTechnophiler.com (el \u00abSitio\u00bb) o cualquier servicio proporcionado en el Sitio (colectivamente, \u00abServicios\u00bb) propiedad y operado por TheTechnophiler. (\u00abnosotros\u00bb, \u00abnosotros\u00bb o \u00abnuestro\u00bb). Su acceso y uso del Servicio est\u00e1 condicionado a su aceptaci\u00f3n y cumplimiento [&hellip;]","og_url":"https:\/\/www.stylequestshop.com\/terms-of-use\/","og_site_name":"Style Quest Shop","article_publisher":"https:\/\/www.facebook.com","twitter_card":"summary_large_image","twitter_misc":{"Tiempo de lectura":"3 minutos"},"schema":{"@context":"https:\/\/schema.org","@graph":[{"@type":"WebPage","@id":"https:\/\/www.stylequestshop.com\/terms-of-use\/","url":"https:\/\/www.stylequestshop.com\/terms-of-use\/","name":"Condiciones de uso - Style Quest Shop","isPartOf":{"@id":"https:\/\/www.stylequestshop.com\/#website"},"datePublished":"2022-02-28T11:59:20+00:00","breadcrumb":{"@id":"https:\/\/www.stylequestshop.com\/terms-of-use\/#breadcrumb"},"inLanguage":"es","potentialAction":[{"@type":"ReadAction","target":["https:\/\/www.stylequestshop.com\/terms-of-use\/"]}]},{"@type":"BreadcrumbList","@id":"https:\/\/www.stylequestshop.com\/terms-of-use\/#breadcrumb","itemListElement":[{"@type":"ListItem","position":1,"name":"Home","item":"https:\/\/www.stylequestshop.com\/es\/"},{"@type":"ListItem","position":2,"name":"Condiciones de uso"}]},{"@type":"WebSite","@id":"https:\/\/www.stylequestshop.com\/#website","url":"https:\/\/www.stylequestshop.com\/","name":"Style Quest Shop","description":"All The Tech You Will Ever Need","potentialAction":[{"@type":"SearchAction","target":{"@type":"EntryPoint","urlTemplate":"https:\/\/www.stylequestshop.com\/?s={search_term_string}"},"query-input":{"@type":"PropertyValueSpecification","valueRequired":true,"valueName":"search_term_string"}}],"inLanguage":"es"}]}},"jetpack_sharing_enabled":true,"amp_enabled":true,"_links":{"self":[{"href":"https:\/\/www.stylequestshop.com\/es\/wp-json\/wp\/v2\/pages\/2238","targetHints":{"allow":["GET"]}}],"collection":[{"href":"https:\/\/www.stylequestshop.com\/es\/wp-json\/wp\/v2\/pages"}],"about":[{"href":"https:\/\/www.stylequestshop.com\/es\/wp-json\/wp\/v2\/types\/page"}],"author":[{"embeddable":true,"href":"https:\/\/www.stylequestshop.com\/es\/wp-json\/wp\/v2\/users\/1"}],"replies":[{"embeddable":true,"href":"https:\/\/www.stylequestshop.com\/es\/wp-json\/wp\/v2\/comments?post=2238"}],"version-history":[{"count":0,"href":"https:\/\/www.stylequestshop.com\/es\/wp-json\/wp\/v2\/pages\/2238\/revisions"}],"wp:attachment":[{"href":"https:\/\/www.stylequestshop.com\/es\/wp-json\/wp\/v2\/media?parent=2238"}],"curies":[{"name":"wp","href":"https:\/\/api.w.org\/{rel}","templated":true}]}}