{"id":2388,"date":"2022-02-28T11:50:29","date_gmt":"2022-02-28T11:50:29","guid":{"rendered":"https:\/\/stylequestshop.com\/acerca-de\/"},"modified":"2022-02-28T11:50:29","modified_gmt":"2022-02-28T11:50:29","slug":"acerca-de","status":"publish","type":"page","link":"https:\/\/www.stylequestshop.com\/es\/acerca-de\/","title":{"rendered":"Acerca de"},"content":{"rendered":"<h4>Sobre el blog<\/h4>\n<p>\u00a1Style Quest Shop es un blog con toda la informaci\u00f3n actual sobre tecnolog\u00eda, dispositivos, juegos, autom\u00f3viles y todo lo dem\u00e1s! Cubrimos varios temas, desde servicios m\u00f3viles y tel\u00e9fonos inteligentes, hasta seguridad cibern\u00e9tica e inteligencia artificial, brindando a nuestros lectores los consejos y trucos perfectos y las \u00faltimas noticias importantes que cualquier tecn\u00f3filo deber\u00eda saber.<\/p>\n<p>&nbsp;<\/p>\n<h4>Sobre nosotros<\/h4>\n<p>Somos un grupo de tecn\u00f3filos incondicionales y nos encanta estar al tanto de todas las noticias, tendencias y rumores sobre tecnolog\u00eda en todo el mundo.<\/p>\n<p>Nuestro objetivo es entretener y mejorar la vida de los tecn\u00f3filos a trav\u00e9s de contenido creativo. Nos dirigimos a los amantes de la tecnolog\u00eda que buscan el futuro, las \u00faltimas tendencias desde todos los puntos de vista, brindando contenido global con art\u00edculos e ideas de todo el mundo.<\/p>\n","protected":false},"excerpt":{"rendered":"<p>Sobre el blog \u00a1Style Quest Shop es un blog con toda la informaci\u00f3n actual sobre tecnolog\u00eda, dispositivos, juegos, autom\u00f3viles y todo lo dem\u00e1s! Cubrimos varios temas, desde servicios m\u00f3viles y tel\u00e9fonos inteligentes, hasta seguridad cibern\u00e9tica e inteligencia artificial, brindando a nuestros lectores los consejos y trucos perfectos y las \u00faltimas noticias importantes que cualquier tecn\u00f3filo [&hellip;]<\/p>\n","protected":false},"author":1,"featured_media":0,"parent":0,"menu_order":0,"comment_status":"closed","ping_status":"closed","template":"","meta":{"_monsterinsights_skip_tracking":false,"_monsterinsights_sitenote_active":false,"_monsterinsights_sitenote_note":"","_monsterinsights_sitenote_category":0,"footnotes":""},"class_list":["post-2388","page","type-page","status-publish","hentry"],"yoast_head":"<!-- This site is optimized with the Yoast SEO plugin v27.3 - https:\/\/yoast.com\/product\/yoast-seo-wordpress\/ -->\n<title>Acerca de - Style Quest Shop<\/title>\n<meta name=\"robots\" content=\"index, follow, max-snippet:-1, max-image-preview:large, max-video-preview:-1\" \/>\n<link rel=\"canonical\" href=\"https:\/\/www.stylequestshop.com\/about\/\" \/>\n<meta property=\"og:locale\" content=\"es_ES\" \/>\n<meta property=\"og:type\" content=\"article\" \/>\n<meta property=\"og:title\" content=\"Acerca de - Style Quest Shop\" \/>\n<meta property=\"og:description\" content=\"Sobre el blog \u00a1Style Quest Shop es un blog con toda la informaci\u00f3n actual sobre tecnolog\u00eda, dispositivos, juegos, autom\u00f3viles y todo lo dem\u00e1s! Cubrimos varios temas, desde servicios m\u00f3viles y tel\u00e9fonos inteligentes, hasta seguridad cibern\u00e9tica e inteligencia artificial, brindando a nuestros lectores los consejos y trucos perfectos y las \u00faltimas noticias importantes que cualquier tecn\u00f3filo [&hellip;]\" \/>\n<meta property=\"og:url\" content=\"https:\/\/www.stylequestshop.com\/about\/\" \/>\n<meta property=\"og:site_name\" content=\"Style Quest Shop\" \/>\n<meta property=\"article:publisher\" content=\"https:\/\/www.facebook.com\" \/>\n<meta name=\"twitter:card\" content=\"summary_large_image\" \/>\n<meta name=\"twitter:label1\" content=\"Tiempo de lectura\" \/>\n\t<meta name=\"twitter:data1\" content=\"1 minuto\" \/>\n<script type=\"application\/ld+json\" class=\"yoast-schema-graph\">{\"@context\":\"https:\\\/\\\/schema.org\",\"@graph\":[{\"@type\":\"WebPage\",\"@id\":\"https:\\\/\\\/www.stylequestshop.com\\\/about\\\/\",\"url\":\"https:\\\/\\\/www.stylequestshop.com\\\/about\\\/\",\"name\":\"Acerca de - Style Quest Shop\",\"isPartOf\":{\"@id\":\"https:\\\/\\\/www.stylequestshop.com\\\/#website\"},\"datePublished\":\"2022-02-28T11:50:29+00:00\",\"breadcrumb\":{\"@id\":\"https:\\\/\\\/www.stylequestshop.com\\\/about\\\/#breadcrumb\"},\"inLanguage\":\"es\",\"potentialAction\":[{\"@type\":\"ReadAction\",\"target\":[\"https:\\\/\\\/www.stylequestshop.com\\\/about\\\/\"]}]},{\"@type\":\"BreadcrumbList\",\"@id\":\"https:\\\/\\\/www.stylequestshop.com\\\/about\\\/#breadcrumb\",\"itemListElement\":[{\"@type\":\"ListItem\",\"position\":1,\"name\":\"Home\",\"item\":\"https:\\\/\\\/www.stylequestshop.com\\\/es\\\/\"},{\"@type\":\"ListItem\",\"position\":2,\"name\":\"Acerca de\"}]},{\"@type\":\"WebSite\",\"@id\":\"https:\\\/\\\/www.stylequestshop.com\\\/#website\",\"url\":\"https:\\\/\\\/www.stylequestshop.com\\\/\",\"name\":\"Style Quest Shop\",\"description\":\"All The Tech You Will Ever Need\",\"potentialAction\":[{\"@type\":\"SearchAction\",\"target\":{\"@type\":\"EntryPoint\",\"urlTemplate\":\"https:\\\/\\\/www.stylequestshop.com\\\/?s={search_term_string}\"},\"query-input\":{\"@type\":\"PropertyValueSpecification\",\"valueRequired\":true,\"valueName\":\"search_term_string\"}}],\"inLanguage\":\"es\"}]}<\/script>\n<!-- \/ Yoast SEO plugin. -->","yoast_head_json":{"title":"Acerca de - Style Quest Shop","robots":{"index":"index","follow":"follow","max-snippet":"max-snippet:-1","max-image-preview":"max-image-preview:large","max-video-preview":"max-video-preview:-1"},"canonical":"https:\/\/www.stylequestshop.com\/about\/","og_locale":"es_ES","og_type":"article","og_title":"Acerca de - Style Quest Shop","og_description":"Sobre el blog \u00a1Style Quest Shop es un blog con toda la informaci\u00f3n actual sobre tecnolog\u00eda, dispositivos, juegos, autom\u00f3viles y todo lo dem\u00e1s! Cubrimos varios temas, desde servicios m\u00f3viles y tel\u00e9fonos inteligentes, hasta seguridad cibern\u00e9tica e inteligencia artificial, brindando a nuestros lectores los consejos y trucos perfectos y las \u00faltimas noticias importantes que cualquier tecn\u00f3filo [&hellip;]","og_url":"https:\/\/www.stylequestshop.com\/about\/","og_site_name":"Style Quest Shop","article_publisher":"https:\/\/www.facebook.com","twitter_card":"summary_large_image","twitter_misc":{"Tiempo de lectura":"1 minuto"},"schema":{"@context":"https:\/\/schema.org","@graph":[{"@type":"WebPage","@id":"https:\/\/www.stylequestshop.com\/about\/","url":"https:\/\/www.stylequestshop.com\/about\/","name":"Acerca de - Style Quest Shop","isPartOf":{"@id":"https:\/\/www.stylequestshop.com\/#website"},"datePublished":"2022-02-28T11:50:29+00:00","breadcrumb":{"@id":"https:\/\/www.stylequestshop.com\/about\/#breadcrumb"},"inLanguage":"es","potentialAction":[{"@type":"ReadAction","target":["https:\/\/www.stylequestshop.com\/about\/"]}]},{"@type":"BreadcrumbList","@id":"https:\/\/www.stylequestshop.com\/about\/#breadcrumb","itemListElement":[{"@type":"ListItem","position":1,"name":"Home","item":"https:\/\/www.stylequestshop.com\/es\/"},{"@type":"ListItem","position":2,"name":"Acerca de"}]},{"@type":"WebSite","@id":"https:\/\/www.stylequestshop.com\/#website","url":"https:\/\/www.stylequestshop.com\/","name":"Style Quest Shop","description":"All The Tech You Will Ever Need","potentialAction":[{"@type":"SearchAction","target":{"@type":"EntryPoint","urlTemplate":"https:\/\/www.stylequestshop.com\/?s={search_term_string}"},"query-input":{"@type":"PropertyValueSpecification","valueRequired":true,"valueName":"search_term_string"}}],"inLanguage":"es"}]}},"jetpack_sharing_enabled":true,"amp_enabled":true,"_links":{"self":[{"href":"https:\/\/www.stylequestshop.com\/es\/wp-json\/wp\/v2\/pages\/2388","targetHints":{"allow":["GET"]}}],"collection":[{"href":"https:\/\/www.stylequestshop.com\/es\/wp-json\/wp\/v2\/pages"}],"about":[{"href":"https:\/\/www.stylequestshop.com\/es\/wp-json\/wp\/v2\/types\/page"}],"author":[{"embeddable":true,"href":"https:\/\/www.stylequestshop.com\/es\/wp-json\/wp\/v2\/users\/1"}],"replies":[{"embeddable":true,"href":"https:\/\/www.stylequestshop.com\/es\/wp-json\/wp\/v2\/comments?post=2388"}],"version-history":[{"count":0,"href":"https:\/\/www.stylequestshop.com\/es\/wp-json\/wp\/v2\/pages\/2388\/revisions"}],"wp:attachment":[{"href":"https:\/\/www.stylequestshop.com\/es\/wp-json\/wp\/v2\/media?parent=2388"}],"curies":[{"name":"wp","href":"https:\/\/api.w.org\/{rel}","templated":true}]}}