{"id":2237,"date":"2022-02-28T11:57:47","date_gmt":"2022-02-28T11:57:47","guid":{"rendered":"https:\/\/stylequestshop.com\/politique-relative-aux-cookies\/"},"modified":"2022-02-28T11:57:47","modified_gmt":"2022-02-28T11:57:47","slug":"politique-relative-aux-cookies","status":"publish","type":"page","link":"https:\/\/www.stylequestshop.com\/fr\/politique-relative-aux-cookies\/","title":{"rendered":"Politique relative aux cookies"},"content":{"rendered":"<p><strong>Cookies du navigateur Web<\/strong><\/p>\n<p>Notre site peut utiliser des \u00ab cookies \u00bb pour am\u00e9liorer l&rsquo;exp\u00e9rience utilisateur. Le navigateur Web de l&rsquo;utilisateur place des cookies sur son disque dur \u00e0 des fins d&rsquo;enregistrement et parfois pour suivre les informations les concernant. L&rsquo;utilisateur peut choisir de configurer son navigateur Web pour refuser les cookies ou pour vous alerter lorsque des cookies sont envoy\u00e9s. S&rsquo;ils le font, notez que certaines parties du site peuvent ne pas fonctionner correctement.<\/p>\n<p><strong>Publicit\u00e9<\/strong><\/p>\n<p>Les publicit\u00e9s diffus\u00e9es sur notre site peuvent \u00eatre d\u00e9livr\u00e9es aux Utilisateurs par des partenaires publicitaires, qui peuvent d\u00e9poser des cookies. Ces cookies permettent au serveur publicitaire de reconna\u00eetre votre ordinateur chaque fois qu&rsquo;il vous envoie une publicit\u00e9 en ligne pour compiler des informations d&rsquo;identification non personnelles sur vous ou d&rsquo;autres personnes qui utilisent votre ordinateur. Ces informations permettent aux r\u00e9seaux publicitaires, entre autres, de diffuser des publicit\u00e9s cibl\u00e9es qui, selon eux, vous int\u00e9resseront le plus. Cette politique de confidentialit\u00e9 ne couvre pas l&rsquo;utilisation de cookies par les annonceurs.<\/p>\n<p><strong>Google adsense<\/strong><\/p>\n<p>Certaines annonces peuvent \u00eatre diffus\u00e9es par Google. L&rsquo;utilisation par Google du cookie DART lui permet de diffuser des annonces aux utilisateurs en fonction de leur visite sur notre site et d&rsquo;autres sites sur Internet. DART utilise des \u00ab\u00a0informations non personnellement identifiables\u00a0\u00bb et ne suit PAS les informations personnelles vous concernant, telles que votre nom, votre adresse e-mail, votre adresse physique, etc. Vous pouvez d\u00e9sactiver l&rsquo;utilisation du cookie DART en visitant la politique de confidentialit\u00e9 du r\u00e9seau publicitaire et de contenu de Google \u00e0 l&rsquo; <strong><a href=\"http:\/\/www.google.com\/policies\/technologies\/ads\/\" target=\"_blank\" rel=\"noopener\">adresse http:\/\/www.google.com\/policies\/technologies\/ads\/<\/a><\/strong><\/p>\n<p><strong>Analytique<\/strong><\/p>\n<p>Nous utilisons des cookies \u00ab&nbsp;analytiques&nbsp;\u00bb qui, en conjonction avec les fichiers journaux de notre serveur Web, nous permettent de calculer le nombre total de personnes visitant notre site Web et les parties de notre site Web les plus populaires. Cela nous aide \u00e0 recueillir des commentaires afin que nous puissions am\u00e9liorer notre site Web et mieux servir nos utilisateurs. Nous ne stockons g\u00e9n\u00e9ralement pas les informations personnelles que vous nous fournissez dans un cookie.<\/p>\n<p>Pour plus d&rsquo;informations sur Google Analytics, veuillez consulter&nbsp;:<\/p>\n<p><strong><a href=\"http:\/\/support.google.com\/analytics\/answer\/6004245\" target=\"_blank\" rel=\"noopener\">Principes de s\u00e9curit\u00e9 et de confidentialit\u00e9 de Google Analytics<\/a><\/strong><\/p>\n","protected":false},"excerpt":{"rendered":"<p>Cookies du navigateur Web Notre site peut utiliser des \u00ab cookies \u00bb pour am\u00e9liorer l&rsquo;exp\u00e9rience utilisateur. Le navigateur Web de l&rsquo;utilisateur place des cookies sur son disque dur \u00e0 des fins d&rsquo;enregistrement et parfois pour suivre les informations les concernant. L&rsquo;utilisateur peut choisir de configurer son navigateur Web pour refuser les cookies ou pour vous [&hellip;]<\/p>\n","protected":false},"author":1,"featured_media":0,"parent":0,"menu_order":0,"comment_status":"closed","ping_status":"closed","template":"","meta":{"_monsterinsights_skip_tracking":false,"_monsterinsights_sitenote_active":false,"_monsterinsights_sitenote_note":"","_monsterinsights_sitenote_category":0,"footnotes":""},"class_list":["post-2237","page","type-page","status-publish","hentry"],"yoast_head":"<!-- This site is optimized with the Yoast SEO plugin v27.5 - https:\/\/yoast.com\/product\/yoast-seo-wordpress\/ -->\n<title>Politique relative aux cookies - Style Quest Shop<\/title>\n<meta name=\"robots\" content=\"index, follow, max-snippet:-1, max-image-preview:large, max-video-preview:-1\" \/>\n<link rel=\"canonical\" href=\"https:\/\/www.stylequestshop.com\/cookie-policy\/\" \/>\n<meta property=\"og:locale\" content=\"fr_FR\" \/>\n<meta property=\"og:type\" content=\"article\" \/>\n<meta property=\"og:title\" content=\"Politique relative aux cookies - Style Quest Shop\" \/>\n<meta property=\"og:description\" content=\"Cookies du navigateur Web Notre site peut utiliser des \u00ab cookies \u00bb pour am\u00e9liorer l&rsquo;exp\u00e9rience utilisateur. Le navigateur Web de l&rsquo;utilisateur place des cookies sur son disque dur \u00e0 des fins d&rsquo;enregistrement et parfois pour suivre les informations les concernant. L&rsquo;utilisateur peut choisir de configurer son navigateur Web pour refuser les cookies ou pour vous [&hellip;]\" \/>\n<meta property=\"og:url\" content=\"https:\/\/www.stylequestshop.com\/cookie-policy\/\" \/>\n<meta property=\"og:site_name\" content=\"Style Quest Shop\" \/>\n<meta property=\"article:publisher\" content=\"https:\/\/www.facebook.com\" \/>\n<meta name=\"twitter:card\" content=\"summary_large_image\" \/>\n<meta name=\"twitter:label1\" content=\"Dur\u00e9e de lecture estim\u00e9e\" \/>\n\t<meta name=\"twitter:data1\" content=\"2 minutes\" \/>\n<script type=\"application\/ld+json\" class=\"yoast-schema-graph\">{\"@context\":\"https:\\\/\\\/schema.org\",\"@graph\":[{\"@type\":\"WebPage\",\"@id\":\"https:\\\/\\\/www.stylequestshop.com\\\/cookie-policy\\\/\",\"url\":\"https:\\\/\\\/www.stylequestshop.com\\\/cookie-policy\\\/\",\"name\":\"Politique relative aux cookies - Style Quest Shop\",\"isPartOf\":{\"@id\":\"https:\\\/\\\/www.stylequestshop.com\\\/#website\"},\"datePublished\":\"2022-02-28T11:57:47+00:00\",\"breadcrumb\":{\"@id\":\"https:\\\/\\\/www.stylequestshop.com\\\/cookie-policy\\\/#breadcrumb\"},\"inLanguage\":\"fr-FR\",\"potentialAction\":[{\"@type\":\"ReadAction\",\"target\":[\"https:\\\/\\\/www.stylequestshop.com\\\/cookie-policy\\\/\"]}]},{\"@type\":\"BreadcrumbList\",\"@id\":\"https:\\\/\\\/www.stylequestshop.com\\\/cookie-policy\\\/#breadcrumb\",\"itemListElement\":[{\"@type\":\"ListItem\",\"position\":1,\"name\":\"Home\",\"item\":\"https:\\\/\\\/www.stylequestshop.com\\\/fr\\\/\"},{\"@type\":\"ListItem\",\"position\":2,\"name\":\"Politique relative aux cookies\"}]},{\"@type\":\"WebSite\",\"@id\":\"https:\\\/\\\/www.stylequestshop.com\\\/#website\",\"url\":\"https:\\\/\\\/www.stylequestshop.com\\\/\",\"name\":\"Style Quest Shop\",\"description\":\"All The Tech You Will Ever Need\",\"potentialAction\":[{\"@type\":\"SearchAction\",\"target\":{\"@type\":\"EntryPoint\",\"urlTemplate\":\"https:\\\/\\\/www.stylequestshop.com\\\/?s={search_term_string}\"},\"query-input\":{\"@type\":\"PropertyValueSpecification\",\"valueRequired\":true,\"valueName\":\"search_term_string\"}}],\"inLanguage\":\"fr-FR\"}]}<\/script>\n<!-- \/ Yoast SEO plugin. -->","yoast_head_json":{"title":"Politique relative aux cookies - Style Quest Shop","robots":{"index":"index","follow":"follow","max-snippet":"max-snippet:-1","max-image-preview":"max-image-preview:large","max-video-preview":"max-video-preview:-1"},"canonical":"https:\/\/www.stylequestshop.com\/cookie-policy\/","og_locale":"fr_FR","og_type":"article","og_title":"Politique relative aux cookies - Style Quest Shop","og_description":"Cookies du navigateur Web Notre site peut utiliser des \u00ab cookies \u00bb pour am\u00e9liorer l&rsquo;exp\u00e9rience utilisateur. Le navigateur Web de l&rsquo;utilisateur place des cookies sur son disque dur \u00e0 des fins d&rsquo;enregistrement et parfois pour suivre les informations les concernant. L&rsquo;utilisateur peut choisir de configurer son navigateur Web pour refuser les cookies ou pour vous [&hellip;]","og_url":"https:\/\/www.stylequestshop.com\/cookie-policy\/","og_site_name":"Style Quest Shop","article_publisher":"https:\/\/www.facebook.com","twitter_card":"summary_large_image","twitter_misc":{"Dur\u00e9e de lecture estim\u00e9e":"2 minutes"},"schema":{"@context":"https:\/\/schema.org","@graph":[{"@type":"WebPage","@id":"https:\/\/www.stylequestshop.com\/cookie-policy\/","url":"https:\/\/www.stylequestshop.com\/cookie-policy\/","name":"Politique relative aux cookies - Style Quest Shop","isPartOf":{"@id":"https:\/\/www.stylequestshop.com\/#website"},"datePublished":"2022-02-28T11:57:47+00:00","breadcrumb":{"@id":"https:\/\/www.stylequestshop.com\/cookie-policy\/#breadcrumb"},"inLanguage":"fr-FR","potentialAction":[{"@type":"ReadAction","target":["https:\/\/www.stylequestshop.com\/cookie-policy\/"]}]},{"@type":"BreadcrumbList","@id":"https:\/\/www.stylequestshop.com\/cookie-policy\/#breadcrumb","itemListElement":[{"@type":"ListItem","position":1,"name":"Home","item":"https:\/\/www.stylequestshop.com\/fr\/"},{"@type":"ListItem","position":2,"name":"Politique relative aux cookies"}]},{"@type":"WebSite","@id":"https:\/\/www.stylequestshop.com\/#website","url":"https:\/\/www.stylequestshop.com\/","name":"Style Quest Shop","description":"All The Tech You Will Ever Need","potentialAction":[{"@type":"SearchAction","target":{"@type":"EntryPoint","urlTemplate":"https:\/\/www.stylequestshop.com\/?s={search_term_string}"},"query-input":{"@type":"PropertyValueSpecification","valueRequired":true,"valueName":"search_term_string"}}],"inLanguage":"fr-FR"}]}},"jetpack_sharing_enabled":true,"amp_enabled":true,"_links":{"self":[{"href":"https:\/\/www.stylequestshop.com\/fr\/wp-json\/wp\/v2\/pages\/2237","targetHints":{"allow":["GET"]}}],"collection":[{"href":"https:\/\/www.stylequestshop.com\/fr\/wp-json\/wp\/v2\/pages"}],"about":[{"href":"https:\/\/www.stylequestshop.com\/fr\/wp-json\/wp\/v2\/types\/page"}],"author":[{"embeddable":true,"href":"https:\/\/www.stylequestshop.com\/fr\/wp-json\/wp\/v2\/users\/1"}],"replies":[{"embeddable":true,"href":"https:\/\/www.stylequestshop.com\/fr\/wp-json\/wp\/v2\/comments?post=2237"}],"version-history":[{"count":0,"href":"https:\/\/www.stylequestshop.com\/fr\/wp-json\/wp\/v2\/pages\/2237\/revisions"}],"wp:attachment":[{"href":"https:\/\/www.stylequestshop.com\/fr\/wp-json\/wp\/v2\/media?parent=2237"}],"curies":[{"name":"wp","href":"https:\/\/api.w.org\/{rel}","templated":true}]}}