{"id":2239,"date":"2022-02-28T11:59:20","date_gmt":"2022-02-28T11:59:20","guid":{"rendered":"https:\/\/stylequestshop.com\/conditions-dutilisation\/"},"modified":"2022-02-28T11:59:20","modified_gmt":"2022-02-28T11:59:20","slug":"conditions-dutilisation","status":"publish","type":"page","link":"https:\/\/www.stylequestshop.com\/fr\/conditions-dutilisation\/","title":{"rendered":"Conditions d&rsquo;utilisation"},"content":{"rendered":"<p><strong>Acceptation des conditions d&rsquo;utilisation<\/strong><\/p>\n<p>Veuillez lire attentivement ces conditions d&rsquo;utilisation (\u00ab\u00a0Conditions\u00a0\u00bb, \u00ab\u00a0Conditions d&rsquo;utilisation\u00a0\u00bb) avant d&rsquo;utiliser le site Web TheTechnophiler.com (le \u00ab\u00a0Site\u00a0\u00bb) ou tout service fourni sur le Site (collectivement, les \u00ab\u00a0Services\u00a0\u00bb) d\u00e9tenus et exploit\u00e9s par TheTechnophiler. (\u00ab\u00a0nous\u00a0\u00bb, \u00ab\u00a0nous\u00a0\u00bb ou \u00ab\u00a0notre\u00a0\u00bb).<\/p>\n<p>Votre acc\u00e8s et votre utilisation du Service sont conditionn\u00e9s par votre acceptation et votre respect des pr\u00e9sentes Conditions. Ces conditions s&rsquo;appliquent \u00e0 tous les visiteurs, utilisateurs et autres personnes qui acc\u00e8dent ou utilisent le service.<\/p>\n<p>En acc\u00e9dant ou en utilisant le Service, vous acceptez d&rsquo;\u00eatre li\u00e9 par ces Conditions. Si vous n&rsquo;\u00eates pas d&rsquo;accord avec une partie des conditions, vous ne pouvez pas acc\u00e9der au service.<\/p>\n<p><strong>Liens vers d&rsquo;autres sites Web<\/strong><\/p>\n<p>Notre service peut contenir des liens vers des sites Web ou des services tiers qui ne sont ni d\u00e9tenus ni contr\u00f4l\u00e9s par TheTechnophiler.<\/p>\n<p>TheTechnophiler n&rsquo;a aucun contr\u00f4le sur le contenu, les politiques de confidentialit\u00e9 ou les pratiques des sites Web ou services tiers et n&rsquo;assume aucune responsabilit\u00e9 \u00e0 leur \u00e9gard. Vous reconnaissez et acceptez en outre que TheTechnophiler ne sera pas responsable, directement ou indirectement, de tout dommage ou perte caus\u00e9 ou pr\u00e9sum\u00e9 avoir \u00e9t\u00e9 caus\u00e9 par ou en relation avec l&rsquo;utilisation ou la confiance accord\u00e9e \u00e0 ces contenus, biens ou services disponibles sur ou via ces sites Web ou services.<\/p>\n<p>Nous vous conseillons fortement de lire les termes et conditions et les politiques de confidentialit\u00e9 de tous les sites Web ou services tiers que vous visitez.<\/p>\n<p><strong>Vie priv\u00e9e<\/strong><\/p>\n<p>Veuillez consulter notre politique de confidentialit\u00e9, qui r\u00e9git l&rsquo;utilisation des informations personnelles sur le site et \u00e0 laquelle l&rsquo;abonn\u00e9 accepte d&rsquo;\u00eatre li\u00e9 en tant qu&rsquo;utilisateur du site.<\/p>\n<p><strong>Droit applicable<\/strong><\/p>\n<p>Notre incapacit\u00e9 \u00e0 faire respecter un droit ou une disposition des pr\u00e9sentes Conditions ne sera pas consid\u00e9r\u00e9e comme une renonciation \u00e0 ces droits. Si une disposition des pr\u00e9sentes Conditions est jug\u00e9e invalide ou inapplicable par un tribunal, les autres dispositions des pr\u00e9sentes Conditions resteront en vigueur. Ces conditions constituent l&rsquo;int\u00e9gralit\u00e9 de l&rsquo;accord entre nous concernant notre service, et annulent et remplacent tout accord ant\u00e9rieur que nous pourrions avoir entre nous concernant le service.<\/p>\n<p><strong>Droits d&rsquo;auteur ou autres atteintes \u00e0 la propri\u00e9t\u00e9 intellectuelle<\/strong><\/p>\n<p>TheTechnophiler respecte la propri\u00e9t\u00e9 intellectuelle d&rsquo;autrui et prend tr\u00e8s au s\u00e9rieux la protection des droits d&rsquo;auteur et de toute autre propri\u00e9t\u00e9 intellectuelle, et nous demandons \u00e0 nos utilisateurs de faire de m\u00eame. Aucune activit\u00e9 de contrefa\u00e7on ne sera tol\u00e9r\u00e9e sur ou via les Services.<\/p>\n<p>Si vous pensez qu&rsquo;un contenu mis \u00e0 disposition sur ou via les Services a \u00e9t\u00e9 utilis\u00e9 ou exploit\u00e9 d&rsquo;une mani\u00e8re qui enfreint un droit de propri\u00e9t\u00e9 intellectuelle que vous poss\u00e9dez ou contr\u00f4lez, veuillez envoyer rapidement un e-mail \u00e0 XXXXX@gmail.com avec tous les d\u00e9tails ou contactez-nous. .<\/p>\n<p><strong>Changements<\/strong><\/p>\n<p>Nous nous r\u00e9servons le droit, \u00e0 notre seule discr\u00e9tion, de modifier ou de remplacer ces Conditions \u00e0 tout moment. Si une r\u00e9vision est importante, nous essaierons de fournir un pr\u00e9avis d&rsquo;au moins 30 jours avant l&rsquo;entr\u00e9e en vigueur de toute nouvelle condition. Ce qui constitue un changement important sera d\u00e9termin\u00e9 \u00e0 notre seule discr\u00e9tion.<\/p>\n<p>En continuant \u00e0 acc\u00e9der ou \u00e0 utiliser notre Service apr\u00e8s l&rsquo;entr\u00e9e en vigueur de ces r\u00e9visions, vous acceptez d&rsquo;\u00eatre li\u00e9 par les conditions r\u00e9vis\u00e9es. Si vous n&rsquo;acceptez pas les nouvelles conditions, veuillez cesser d&rsquo;utiliser le Service.<\/p>\n<p><strong>Nous contacter<\/strong><\/p>\n<p>Si vous avez des questions sur ces conditions, veuillez nous contacter.<\/p>\n","protected":false},"excerpt":{"rendered":"<p>Acceptation des conditions d&rsquo;utilisation Veuillez lire attentivement ces conditions d&rsquo;utilisation (\u00ab\u00a0Conditions\u00a0\u00bb, \u00ab\u00a0Conditions d&rsquo;utilisation\u00a0\u00bb) avant d&rsquo;utiliser le site Web TheTechnophiler.com (le \u00ab\u00a0Site\u00a0\u00bb) ou tout service fourni sur le Site (collectivement, les \u00ab\u00a0Services\u00a0\u00bb) d\u00e9tenus et exploit\u00e9s par TheTechnophiler. (\u00ab\u00a0nous\u00a0\u00bb, \u00ab\u00a0nous\u00a0\u00bb ou \u00ab\u00a0notre\u00a0\u00bb). Votre acc\u00e8s et votre utilisation du Service sont conditionn\u00e9s par votre acceptation et votre respect [&hellip;]<\/p>\n","protected":false},"author":1,"featured_media":0,"parent":0,"menu_order":0,"comment_status":"closed","ping_status":"closed","template":"","meta":{"_monsterinsights_skip_tracking":false,"_monsterinsights_sitenote_active":false,"_monsterinsights_sitenote_note":"","_monsterinsights_sitenote_category":0,"footnotes":""},"class_list":["post-2239","page","type-page","status-publish","hentry"],"yoast_head":"<!-- This site is optimized with the Yoast SEO plugin v27.5 - https:\/\/yoast.com\/product\/yoast-seo-wordpress\/ -->\n<title>Conditions d&#039;utilisation - Style Quest Shop<\/title>\n<meta name=\"robots\" content=\"index, follow, max-snippet:-1, max-image-preview:large, max-video-preview:-1\" \/>\n<link rel=\"canonical\" href=\"https:\/\/www.stylequestshop.com\/terms-of-use\/\" \/>\n<meta property=\"og:locale\" content=\"fr_FR\" \/>\n<meta property=\"og:type\" content=\"article\" \/>\n<meta property=\"og:title\" content=\"Conditions d&#039;utilisation - Style Quest Shop\" \/>\n<meta property=\"og:description\" content=\"Acceptation des conditions d&rsquo;utilisation Veuillez lire attentivement ces conditions d&rsquo;utilisation (\u00ab\u00a0Conditions\u00a0\u00bb, \u00ab\u00a0Conditions d&rsquo;utilisation\u00a0\u00bb) avant d&rsquo;utiliser le site Web TheTechnophiler.com (le \u00ab\u00a0Site\u00a0\u00bb) ou tout service fourni sur le Site (collectivement, les \u00ab\u00a0Services\u00a0\u00bb) d\u00e9tenus et exploit\u00e9s par TheTechnophiler. (\u00ab\u00a0nous\u00a0\u00bb, \u00ab\u00a0nous\u00a0\u00bb ou \u00ab\u00a0notre\u00a0\u00bb). Votre acc\u00e8s et votre utilisation du Service sont conditionn\u00e9s par votre acceptation et votre respect [&hellip;]\" \/>\n<meta property=\"og:url\" content=\"https:\/\/www.stylequestshop.com\/terms-of-use\/\" \/>\n<meta property=\"og:site_name\" content=\"Style Quest Shop\" \/>\n<meta property=\"article:publisher\" content=\"https:\/\/www.facebook.com\" \/>\n<meta name=\"twitter:card\" content=\"summary_large_image\" \/>\n<meta name=\"twitter:label1\" content=\"Dur\u00e9e de lecture estim\u00e9e\" \/>\n\t<meta name=\"twitter:data1\" content=\"3 minutes\" \/>\n<script type=\"application\/ld+json\" class=\"yoast-schema-graph\">{\"@context\":\"https:\\\/\\\/schema.org\",\"@graph\":[{\"@type\":\"WebPage\",\"@id\":\"https:\\\/\\\/www.stylequestshop.com\\\/terms-of-use\\\/\",\"url\":\"https:\\\/\\\/www.stylequestshop.com\\\/terms-of-use\\\/\",\"name\":\"Conditions d'utilisation - Style Quest Shop\",\"isPartOf\":{\"@id\":\"https:\\\/\\\/www.stylequestshop.com\\\/#website\"},\"datePublished\":\"2022-02-28T11:59:20+00:00\",\"breadcrumb\":{\"@id\":\"https:\\\/\\\/www.stylequestshop.com\\\/terms-of-use\\\/#breadcrumb\"},\"inLanguage\":\"fr-FR\",\"potentialAction\":[{\"@type\":\"ReadAction\",\"target\":[\"https:\\\/\\\/www.stylequestshop.com\\\/terms-of-use\\\/\"]}]},{\"@type\":\"BreadcrumbList\",\"@id\":\"https:\\\/\\\/www.stylequestshop.com\\\/terms-of-use\\\/#breadcrumb\",\"itemListElement\":[{\"@type\":\"ListItem\",\"position\":1,\"name\":\"Home\",\"item\":\"https:\\\/\\\/www.stylequestshop.com\\\/fr\\\/\"},{\"@type\":\"ListItem\",\"position\":2,\"name\":\"Conditions d&#8217;utilisation\"}]},{\"@type\":\"WebSite\",\"@id\":\"https:\\\/\\\/www.stylequestshop.com\\\/#website\",\"url\":\"https:\\\/\\\/www.stylequestshop.com\\\/\",\"name\":\"Style Quest Shop\",\"description\":\"All The Tech You Will Ever Need\",\"potentialAction\":[{\"@type\":\"SearchAction\",\"target\":{\"@type\":\"EntryPoint\",\"urlTemplate\":\"https:\\\/\\\/www.stylequestshop.com\\\/?s={search_term_string}\"},\"query-input\":{\"@type\":\"PropertyValueSpecification\",\"valueRequired\":true,\"valueName\":\"search_term_string\"}}],\"inLanguage\":\"fr-FR\"}]}<\/script>\n<!-- \/ Yoast SEO plugin. -->","yoast_head_json":{"title":"Conditions d'utilisation - Style Quest Shop","robots":{"index":"index","follow":"follow","max-snippet":"max-snippet:-1","max-image-preview":"max-image-preview:large","max-video-preview":"max-video-preview:-1"},"canonical":"https:\/\/www.stylequestshop.com\/terms-of-use\/","og_locale":"fr_FR","og_type":"article","og_title":"Conditions d'utilisation - Style Quest Shop","og_description":"Acceptation des conditions d&rsquo;utilisation Veuillez lire attentivement ces conditions d&rsquo;utilisation (\u00ab\u00a0Conditions\u00a0\u00bb, \u00ab\u00a0Conditions d&rsquo;utilisation\u00a0\u00bb) avant d&rsquo;utiliser le site Web TheTechnophiler.com (le \u00ab\u00a0Site\u00a0\u00bb) ou tout service fourni sur le Site (collectivement, les \u00ab\u00a0Services\u00a0\u00bb) d\u00e9tenus et exploit\u00e9s par TheTechnophiler. (\u00ab\u00a0nous\u00a0\u00bb, \u00ab\u00a0nous\u00a0\u00bb ou \u00ab\u00a0notre\u00a0\u00bb). Votre acc\u00e8s et votre utilisation du Service sont conditionn\u00e9s par votre acceptation et votre respect [&hellip;]","og_url":"https:\/\/www.stylequestshop.com\/terms-of-use\/","og_site_name":"Style Quest Shop","article_publisher":"https:\/\/www.facebook.com","twitter_card":"summary_large_image","twitter_misc":{"Dur\u00e9e de lecture estim\u00e9e":"3 minutes"},"schema":{"@context":"https:\/\/schema.org","@graph":[{"@type":"WebPage","@id":"https:\/\/www.stylequestshop.com\/terms-of-use\/","url":"https:\/\/www.stylequestshop.com\/terms-of-use\/","name":"Conditions d'utilisation - Style Quest Shop","isPartOf":{"@id":"https:\/\/www.stylequestshop.com\/#website"},"datePublished":"2022-02-28T11:59:20+00:00","breadcrumb":{"@id":"https:\/\/www.stylequestshop.com\/terms-of-use\/#breadcrumb"},"inLanguage":"fr-FR","potentialAction":[{"@type":"ReadAction","target":["https:\/\/www.stylequestshop.com\/terms-of-use\/"]}]},{"@type":"BreadcrumbList","@id":"https:\/\/www.stylequestshop.com\/terms-of-use\/#breadcrumb","itemListElement":[{"@type":"ListItem","position":1,"name":"Home","item":"https:\/\/www.stylequestshop.com\/fr\/"},{"@type":"ListItem","position":2,"name":"Conditions d&#8217;utilisation"}]},{"@type":"WebSite","@id":"https:\/\/www.stylequestshop.com\/#website","url":"https:\/\/www.stylequestshop.com\/","name":"Style Quest Shop","description":"All The Tech You Will Ever Need","potentialAction":[{"@type":"SearchAction","target":{"@type":"EntryPoint","urlTemplate":"https:\/\/www.stylequestshop.com\/?s={search_term_string}"},"query-input":{"@type":"PropertyValueSpecification","valueRequired":true,"valueName":"search_term_string"}}],"inLanguage":"fr-FR"}]}},"jetpack_sharing_enabled":true,"amp_enabled":true,"_links":{"self":[{"href":"https:\/\/www.stylequestshop.com\/fr\/wp-json\/wp\/v2\/pages\/2239","targetHints":{"allow":["GET"]}}],"collection":[{"href":"https:\/\/www.stylequestshop.com\/fr\/wp-json\/wp\/v2\/pages"}],"about":[{"href":"https:\/\/www.stylequestshop.com\/fr\/wp-json\/wp\/v2\/types\/page"}],"author":[{"embeddable":true,"href":"https:\/\/www.stylequestshop.com\/fr\/wp-json\/wp\/v2\/users\/1"}],"replies":[{"embeddable":true,"href":"https:\/\/www.stylequestshop.com\/fr\/wp-json\/wp\/v2\/comments?post=2239"}],"version-history":[{"count":0,"href":"https:\/\/www.stylequestshop.com\/fr\/wp-json\/wp\/v2\/pages\/2239\/revisions"}],"wp:attachment":[{"href":"https:\/\/www.stylequestshop.com\/fr\/wp-json\/wp\/v2\/media?parent=2239"}],"curies":[{"name":"wp","href":"https:\/\/api.w.org\/{rel}","templated":true}]}}