{"id":2396,"date":"2022-02-28T11:59:20","date_gmt":"2022-02-28T11:59:20","guid":{"rendered":"https:\/\/stylequestshop.com\/termini-di-utilizzo\/"},"modified":"2022-04-15T20:36:30","modified_gmt":"2022-04-15T20:36:30","slug":"termini-di-utilizzo","status":"publish","type":"page","link":"https:\/\/www.stylequestshop.com\/it\/termini-di-utilizzo\/","title":{"rendered":"Termini di utilizzo"},"content":{"rendered":"<p><strong>Accettazione dei Termini di servizio<\/strong><\/p>\n<p>Si prega di leggere attentamente questi Termini di servizio (&#8220;Termini&#8221;, &#8220;Termini di servizio&#8221;) prima di utilizzare il sito Web TheTechnophiler.com (il &#8220;Sito&#8221;) o qualsiasi servizio fornito sul Sito (collettivamente, &#8220;Servizi&#8221;) di propriet\u00e0 e gestito da TheTechnophiler (&#8220;noi&#8221;, &#8220;noi&#8221; o &#8220;nostro&#8221;).<\/p>\n<p>L&#8217;accesso e l&#8217;utilizzo del Servizio sono condizionati dall&#8217;accettazione e dal rispetto dei presenti Termini. Questi Termini si applicano a tutti i visitatori, utenti e altri che accedono o utilizzano il Servizio.<\/p>\n<p>Accedendo o utilizzando il Servizio accetti di essere vincolato da questi Termini. Se non sei d&#8217;accordo con qualsiasi parte dei termini, non puoi accedere al Servizio.<\/p>\n<p><strong>Collegamenti ad altri siti web<\/strong><\/p>\n<p>Il nostro Servizio pu\u00f2 contenere collegamenti a siti Web o servizi di terze parti che non sono di propriet\u00e0 o controllati da TheTechnophiler.<\/p>\n<p>TheTechnophiler non ha alcun controllo e non si assume alcuna responsabilit\u00e0 per il contenuto, le politiche sulla privacy o le pratiche di siti Web o servizi di terze parti. Riconosci e accetti inoltre che TheTechnophiler non sar\u00e0 responsabile, direttamente o indirettamente, per eventuali danni o perdite causati o presumibilmente causati da o in connessione con l&#8217;uso o l&#8217;affidamento su tali contenuti, beni o servizi disponibili su o tramite tali siti web o servizi.<\/p>\n<p>Ti consigliamo vivamente di leggere i termini e le condizioni e le politiche sulla privacy di qualsiasi sito Web o servizio di terze parti che visiti.<\/p>\n<p><strong>Privacy<\/strong><\/p>\n<p>Si prega di rivedere la nostra Informativa sulla privacy, che regola l&#8217;uso delle informazioni personali sul Sito e alla quale l&#8217;Abbonato accetta di essere vincolato come utente del Sito.<\/p>\n<p><strong>Legge governativa<\/strong><\/p>\n<p>La nostra incapacit\u00e0 di far valere qualsiasi diritto o disposizione di questi Termini non sar\u00e0 considerata una rinuncia a tali diritti. Se una qualsiasi disposizione di questi Termini \u00e8 ritenuta non valida o inapplicabile da un tribunale, le restanti disposizioni di questi Termini rimarranno in vigore. I presenti Termini costituiscono l&#8217;intero accordo tra di noi in merito al nostro Servizio e sostituiscono e sostituiscono eventuali accordi precedenti che potremmo avere tra di noi in merito al Servizio.<\/p>\n<p><strong>Copyright o altre violazioni della propriet\u00e0 intellettuale<\/strong><\/p>\n<p>TheTechnophiler rispetta la propriet\u00e0 intellettuale degli altri e prende molto sul serio la protezione dei diritti d&#8217;autore e di tutte le altre propriet\u00e0 intellettuali e chiediamo ai nostri utenti di fare lo stesso. L&#8217;attivit\u00e0 illecita non sar\u00e0 tollerata su o tramite i Servizi.<\/p>\n<p>Se ritieni che qualsiasi contenuto reso disponibile su o tramite i Servizi sia stato utilizzato o sfruttato in modo da violare un diritto di propriet\u00e0 intellettuale che possiedi o controlli, invia prontamente un&#8217;e-mail a XXXXX@gmail.com con tutti i dettagli o Contattaci .<\/p>\n<p><strong>I cambiamenti<\/strong><\/p>\n<p>Ci riserviamo il diritto, a nostra esclusiva discrezione, di modificare o sostituire i presenti Termini in qualsiasi momento. Se una revisione \u00e8 rilevante, cercheremo di fornire un preavviso di almeno 30 giorni prima che i nuovi termini entrino in vigore. Ci\u00f2 che costituisce un cambiamento sostanziale sar\u00e0 determinato a nostra esclusiva discrezione.<\/p>\n<p>Continuando ad accedere o utilizzare il nostro Servizio dopo che tali revisioni sono diventate effettive, accetti di essere vincolato dai termini modificati. Se non accetti i nuovi termini, ti preghiamo di interrompere l&#8217;utilizzo del Servizio.<\/p>\n<p><strong>Contattaci<\/strong><\/p>\n<p>In caso di domande su questi Termini, contattaci.<\/p>\n","protected":false},"excerpt":{"rendered":"<p>Accettazione dei Termini di servizio Si prega di leggere attentamente questi Termini di servizio (&#8220;Termini&#8221;, &#8220;Termini di servizio&#8221;) prima di utilizzare il sito Web TheTechnophiler.com (il &#8220;Sito&#8221;) o qualsiasi servizio fornito sul Sito (collettivamente, &#8220;Servizi&#8221;) di propriet\u00e0 e gestito da TheTechnophiler (&#8220;noi&#8221;, &#8220;noi&#8221; o &#8220;nostro&#8221;). L&#8217;accesso e l&#8217;utilizzo del Servizio sono condizionati dall&#8217;accettazione e dal [&hellip;]<\/p>\n","protected":false},"author":1,"featured_media":0,"parent":0,"menu_order":0,"comment_status":"closed","ping_status":"closed","template":"","meta":{"_monsterinsights_skip_tracking":false,"_monsterinsights_sitenote_active":false,"_monsterinsights_sitenote_note":"","_monsterinsights_sitenote_category":0,"footnotes":""},"class_list":["post-2396","page","type-page","status-publish","hentry"],"yoast_head":"<!-- This site is optimized with the Yoast SEO plugin v27.5 - https:\/\/yoast.com\/product\/yoast-seo-wordpress\/ -->\n<title>Termini di utilizzo - Style Quest Shop<\/title>\n<meta name=\"robots\" content=\"index, follow, max-snippet:-1, max-image-preview:large, max-video-preview:-1\" \/>\n<link rel=\"canonical\" href=\"https:\/\/www.stylequestshop.com\/terms-of-use\/\" \/>\n<meta property=\"og:locale\" content=\"it_IT\" \/>\n<meta property=\"og:type\" content=\"article\" \/>\n<meta property=\"og:title\" content=\"Termini di utilizzo - Style Quest Shop\" \/>\n<meta property=\"og:description\" content=\"Accettazione dei Termini di servizio Si prega di leggere attentamente questi Termini di servizio (&#8220;Termini&#8221;, &#8220;Termini di servizio&#8221;) prima di utilizzare il sito Web TheTechnophiler.com (il &#8220;Sito&#8221;) o qualsiasi servizio fornito sul Sito (collettivamente, &#8220;Servizi&#8221;) di propriet\u00e0 e gestito da TheTechnophiler (&#8220;noi&#8221;, &#8220;noi&#8221; o &#8220;nostro&#8221;). L&#8217;accesso e l&#8217;utilizzo del Servizio sono condizionati dall&#8217;accettazione e dal [&hellip;]\" \/>\n<meta property=\"og:url\" content=\"https:\/\/www.stylequestshop.com\/terms-of-use\/\" \/>\n<meta property=\"og:site_name\" content=\"Style Quest Shop\" \/>\n<meta property=\"article:publisher\" content=\"https:\/\/www.facebook.com\" \/>\n<meta property=\"article:modified_time\" content=\"2022-04-15T20:36:30+00:00\" \/>\n<meta name=\"twitter:card\" content=\"summary_large_image\" \/>\n<meta name=\"twitter:label1\" content=\"Tempo di lettura stimato\" \/>\n\t<meta name=\"twitter:data1\" content=\"3 minuti\" \/>\n<script type=\"application\/ld+json\" class=\"yoast-schema-graph\">{\"@context\":\"https:\\\/\\\/schema.org\",\"@graph\":[{\"@type\":\"WebPage\",\"@id\":\"https:\\\/\\\/www.stylequestshop.com\\\/terms-of-use\\\/\",\"url\":\"https:\\\/\\\/www.stylequestshop.com\\\/terms-of-use\\\/\",\"name\":\"Termini di utilizzo - Style Quest Shop\",\"isPartOf\":{\"@id\":\"https:\\\/\\\/www.stylequestshop.com\\\/#website\"},\"datePublished\":\"2022-02-28T11:59:20+00:00\",\"dateModified\":\"2022-04-15T20:36:30+00:00\",\"breadcrumb\":{\"@id\":\"https:\\\/\\\/www.stylequestshop.com\\\/terms-of-use\\\/#breadcrumb\"},\"inLanguage\":\"it-IT\",\"potentialAction\":[{\"@type\":\"ReadAction\",\"target\":[\"https:\\\/\\\/www.stylequestshop.com\\\/terms-of-use\\\/\"]}]},{\"@type\":\"BreadcrumbList\",\"@id\":\"https:\\\/\\\/www.stylequestshop.com\\\/terms-of-use\\\/#breadcrumb\",\"itemListElement\":[{\"@type\":\"ListItem\",\"position\":1,\"name\":\"Home\",\"item\":\"https:\\\/\\\/www.stylequestshop.com\\\/\"},{\"@type\":\"ListItem\",\"position\":2,\"name\":\"Termini di utilizzo\"}]},{\"@type\":\"WebSite\",\"@id\":\"https:\\\/\\\/www.stylequestshop.com\\\/#website\",\"url\":\"https:\\\/\\\/www.stylequestshop.com\\\/\",\"name\":\"Style Quest Shop\",\"description\":\"All The Tech You Will Ever Need\",\"potentialAction\":[{\"@type\":\"SearchAction\",\"target\":{\"@type\":\"EntryPoint\",\"urlTemplate\":\"https:\\\/\\\/www.stylequestshop.com\\\/?s={search_term_string}\"},\"query-input\":{\"@type\":\"PropertyValueSpecification\",\"valueRequired\":true,\"valueName\":\"search_term_string\"}}],\"inLanguage\":\"it-IT\"}]}<\/script>\n<!-- \/ Yoast SEO plugin. -->","yoast_head_json":{"title":"Termini di utilizzo - Style Quest Shop","robots":{"index":"index","follow":"follow","max-snippet":"max-snippet:-1","max-image-preview":"max-image-preview:large","max-video-preview":"max-video-preview:-1"},"canonical":"https:\/\/www.stylequestshop.com\/terms-of-use\/","og_locale":"it_IT","og_type":"article","og_title":"Termini di utilizzo - Style Quest Shop","og_description":"Accettazione dei Termini di servizio Si prega di leggere attentamente questi Termini di servizio (&#8220;Termini&#8221;, &#8220;Termini di servizio&#8221;) prima di utilizzare il sito Web TheTechnophiler.com (il &#8220;Sito&#8221;) o qualsiasi servizio fornito sul Sito (collettivamente, &#8220;Servizi&#8221;) di propriet\u00e0 e gestito da TheTechnophiler (&#8220;noi&#8221;, &#8220;noi&#8221; o &#8220;nostro&#8221;). L&#8217;accesso e l&#8217;utilizzo del Servizio sono condizionati dall&#8217;accettazione e dal [&hellip;]","og_url":"https:\/\/www.stylequestshop.com\/terms-of-use\/","og_site_name":"Style Quest Shop","article_publisher":"https:\/\/www.facebook.com","article_modified_time":"2022-04-15T20:36:30+00:00","twitter_card":"summary_large_image","twitter_misc":{"Tempo di lettura stimato":"3 minuti"},"schema":{"@context":"https:\/\/schema.org","@graph":[{"@type":"WebPage","@id":"https:\/\/www.stylequestshop.com\/terms-of-use\/","url":"https:\/\/www.stylequestshop.com\/terms-of-use\/","name":"Termini di utilizzo - Style Quest Shop","isPartOf":{"@id":"https:\/\/www.stylequestshop.com\/#website"},"datePublished":"2022-02-28T11:59:20+00:00","dateModified":"2022-04-15T20:36:30+00:00","breadcrumb":{"@id":"https:\/\/www.stylequestshop.com\/terms-of-use\/#breadcrumb"},"inLanguage":"it-IT","potentialAction":[{"@type":"ReadAction","target":["https:\/\/www.stylequestshop.com\/terms-of-use\/"]}]},{"@type":"BreadcrumbList","@id":"https:\/\/www.stylequestshop.com\/terms-of-use\/#breadcrumb","itemListElement":[{"@type":"ListItem","position":1,"name":"Home","item":"https:\/\/www.stylequestshop.com\/"},{"@type":"ListItem","position":2,"name":"Termini di utilizzo"}]},{"@type":"WebSite","@id":"https:\/\/www.stylequestshop.com\/#website","url":"https:\/\/www.stylequestshop.com\/","name":"Style Quest Shop","description":"All The Tech You Will Ever Need","potentialAction":[{"@type":"SearchAction","target":{"@type":"EntryPoint","urlTemplate":"https:\/\/www.stylequestshop.com\/?s={search_term_string}"},"query-input":{"@type":"PropertyValueSpecification","valueRequired":true,"valueName":"search_term_string"}}],"inLanguage":"it-IT"}]}},"jetpack_sharing_enabled":true,"amp_enabled":true,"_links":{"self":[{"href":"https:\/\/www.stylequestshop.com\/it\/wp-json\/wp\/v2\/pages\/2396","targetHints":{"allow":["GET"]}}],"collection":[{"href":"https:\/\/www.stylequestshop.com\/it\/wp-json\/wp\/v2\/pages"}],"about":[{"href":"https:\/\/www.stylequestshop.com\/it\/wp-json\/wp\/v2\/types\/page"}],"author":[{"embeddable":true,"href":"https:\/\/www.stylequestshop.com\/it\/wp-json\/wp\/v2\/users\/1"}],"replies":[{"embeddable":true,"href":"https:\/\/www.stylequestshop.com\/it\/wp-json\/wp\/v2\/comments?post=2396"}],"version-history":[{"count":0,"href":"https:\/\/www.stylequestshop.com\/it\/wp-json\/wp\/v2\/pages\/2396\/revisions"}],"wp:attachment":[{"href":"https:\/\/www.stylequestshop.com\/it\/wp-json\/wp\/v2\/media?parent=2396"}],"curies":[{"name":"wp","href":"https:\/\/api.w.org\/{rel}","templated":true}]}}